{"id":2,"date":"2024-10-26T09:59:10","date_gmt":"2024-10-26T14:59:10","guid":{"rendered":"https:\/\/auxiliarlogistico.hpcompany.com.co\/?page_id=2"},"modified":"2024-10-31T16:02:43","modified_gmt":"2024-10-31T21:02:43","slug":"pagina-ejemplo","status":"publish","type":"page","link":"https:\/\/auxiliarlogistico.hpcompany.com.co\/","title":{"rendered":"Inicio"},"content":{"rendered":"\t\t<div data-elementor-type=\"wp-page\" data-elementor-id=\"2\" class=\"elementor elementor-2\">\n\t\t\t\t<div class=\"elementor-element elementor-element-ab7d132 e-flex e-con-boxed e-con e-parent\" data-id=\"ab7d132\" data-element_type=\"container\">\n\t\t\t\t\t<div class=\"e-con-inner\">\n\t\t<div class=\"elementor-element elementor-element-d932693 e-con-full e-flex e-con e-child\" data-id=\"d932693\" data-element_type=\"container\">\n\t\t\t\t<div class=\"elementor-element elementor-element-91bbd28 elementor-widget elementor-widget-image\" data-id=\"91bbd28\" data-element_type=\"widget\" data-widget_type=\"image.default\">\n\t\t\t\t<div class=\"elementor-widget-container\">\n\t\t\t\t\t\t\t\t\t\t\t\t\t<img fetchpriority=\"high\" decoding=\"async\" width=\"783\" height=\"1024\" src=\"https:\/\/auxiliarlogistico.hpcompany.com.co\/wp-content\/uploads\/2024\/10\/hernan-783x1024.png\" class=\"attachment-large size-large wp-image-10\" alt=\"\" srcset=\"https:\/\/auxiliarlogistico.hpcompany.com.co\/wp-content\/uploads\/2024\/10\/hernan-783x1024.png 783w, https:\/\/auxiliarlogistico.hpcompany.com.co\/wp-content\/uploads\/2024\/10\/hernan-229x300.png 229w, https:\/\/auxiliarlogistico.hpcompany.com.co\/wp-content\/uploads\/2024\/10\/hernan-768x1004.png 768w, https:\/\/auxiliarlogistico.hpcompany.com.co\/wp-content\/uploads\/2024\/10\/hernan-1175x1536.png 1175w, https:\/\/auxiliarlogistico.hpcompany.com.co\/wp-content\/uploads\/2024\/10\/hernan-1566x2048.png 1566w\" sizes=\"(max-width: 783px) 100vw, 783px\" \/>\t\t\t\t\t\t\t\t\t\t\t\t\t<\/div>\n\t\t\t\t<\/div>\n\t\t\t\t<\/div>\n\t\t<div class=\"elementor-element elementor-element-a007eba e-con-full e-flex e-con e-child\" data-id=\"a007eba\" data-element_type=\"container\">\n\t\t\t\t<div class=\"elementor-element elementor-element-76f4c28 elementor-widget elementor-widget-heading\" data-id=\"76f4c28\" data-element_type=\"widget\" data-widget_type=\"heading.default\">\n\t\t\t\t<div class=\"elementor-widget-container\">\n\t\t\t<h1 class=\"elementor-heading-title elementor-size-default\">Hern\u00e1n Andr\u00e9s Rodr\u00edguez<\/h1>\t\t<\/div>\n\t\t\t\t<\/div>\n\t\t\t\t<div class=\"elementor-element elementor-element-0dbbd37 elementor-widget elementor-widget-text-editor\" data-id=\"0dbbd37\" data-element_type=\"widget\" data-widget_type=\"text-editor.default\">\n\t\t\t\t<div class=\"elementor-widget-container\">\n\t\t\t\t\t\t\t<p>Auxiliar de Bodega<\/p>\t\t\t\t\t\t<\/div>\n\t\t\t\t<\/div>\n\t\t\t\t<div class=\"elementor-element elementor-element-55e7095 elementor-widget elementor-widget-text-editor\" data-id=\"55e7095\" data-element_type=\"widget\" data-widget_type=\"text-editor.default\">\n\t\t\t\t<div class=\"elementor-widget-container\">\n\t\t\t\t\t\t\t<p><a href=\"https:\/\/api.whatsapp.com\/send?phone=573132512810&amp;text=Bienvenidos%20En%20Qu%C3%A9%20Podemos%20Ayudarle..?\"><img decoding=\"async\" class=\"alignnone wp-image-24 size-large\" src=\"https:\/\/auxiliarlogistico.hpcompany.com.co\/wp-content\/uploads\/2024\/10\/whatsapp-1024x231.png\" alt=\"\" width=\"1024\" height=\"231\" srcset=\"https:\/\/auxiliarlogistico.hpcompany.com.co\/wp-content\/uploads\/2024\/10\/whatsapp-1024x231.png 1024w, https:\/\/auxiliarlogistico.hpcompany.com.co\/wp-content\/uploads\/2024\/10\/whatsapp-300x68.png 300w, https:\/\/auxiliarlogistico.hpcompany.com.co\/wp-content\/uploads\/2024\/10\/whatsapp-768x173.png 768w, https:\/\/auxiliarlogistico.hpcompany.com.co\/wp-content\/uploads\/2024\/10\/whatsapp-1536x346.png 1536w, https:\/\/auxiliarlogistico.hpcompany.com.co\/wp-content\/uploads\/2024\/10\/whatsapp.png 1998w\" sizes=\"(max-width: 1024px) 100vw, 1024px\" \/><\/a><\/p><p><a href=\"tel: 3132512810\"><img decoding=\"async\" class=\"alignnone wp-image-25 size-large\" src=\"https:\/\/auxiliarlogistico.hpcompany.com.co\/wp-content\/uploads\/2024\/10\/telefono-1024x231.png\" alt=\"\" width=\"1024\" height=\"231\" srcset=\"https:\/\/auxiliarlogistico.hpcompany.com.co\/wp-content\/uploads\/2024\/10\/telefono-1024x231.png 1024w, https:\/\/auxiliarlogistico.hpcompany.com.co\/wp-content\/uploads\/2024\/10\/telefono-300x68.png 300w, https:\/\/auxiliarlogistico.hpcompany.com.co\/wp-content\/uploads\/2024\/10\/telefono-768x173.png 768w, https:\/\/auxiliarlogistico.hpcompany.com.co\/wp-content\/uploads\/2024\/10\/telefono-1536x346.png 1536w, https:\/\/auxiliarlogistico.hpcompany.com.co\/wp-content\/uploads\/2024\/10\/telefono.png 1998w\" sizes=\"(max-width: 1024px) 100vw, 1024px\" \/><\/a><\/p>\t\t\t\t\t\t<\/div>\n\t\t\t\t<\/div>\n\t\t\t\t<div class=\"elementor-element elementor-element-25a6b10 elementor-align-center elementor-widget elementor-widget-button\" data-id=\"25a6b10\" data-element_type=\"widget\" data-widget_type=\"button.default\">\n\t\t\t\t<div class=\"elementor-widget-container\">\n\t\t\t\t\t<div class=\"elementor-button-wrapper\">\n\t\t\t<a class=\"elementor-button elementor-button-link elementor-size-sm\" href=\"https:\/\/hpcompany.com.co\/catalogos\/\">\n\t\t\t\t\t\t<span class=\"elementor-button-content-wrapper\">\n\t\t\t\t\t\t\t\t\t<span class=\"elementor-button-text\"> Ver Cat\u00e1logos<\/span>\n\t\t\t\t\t<\/span>\n\t\t\t\t\t<\/a>\n\t\t<\/div>\n\t\t\t\t<\/div>\n\t\t\t\t<\/div>\n\t\t\t\t<div class=\"elementor-element elementor-element-46b0b98 elementor-widget elementor-widget-text-editor\" data-id=\"46b0b98\" data-element_type=\"widget\" data-widget_type=\"text-editor.default\">\n\t\t\t\t<div class=\"elementor-widget-container\">\n\t\t\t\t\t\t\t<p><a href=\"https:\/\/hpcompany.com.co\/\"><img loading=\"lazy\" decoding=\"async\" class=\"alignnone wp-image-32 size-full\" src=\"https:\/\/auxiliarlogistico.hpcompany.com.co\/wp-content\/uploads\/2024\/10\/sitio-web.png\" alt=\"\" width=\"3200\" height=\"450\" srcset=\"https:\/\/auxiliarlogistico.hpcompany.com.co\/wp-content\/uploads\/2024\/10\/sitio-web.png 3200w, https:\/\/auxiliarlogistico.hpcompany.com.co\/wp-content\/uploads\/2024\/10\/sitio-web-300x42.png 300w, https:\/\/auxiliarlogistico.hpcompany.com.co\/wp-content\/uploads\/2024\/10\/sitio-web-1024x144.png 1024w, https:\/\/auxiliarlogistico.hpcompany.com.co\/wp-content\/uploads\/2024\/10\/sitio-web-768x108.png 768w, https:\/\/auxiliarlogistico.hpcompany.com.co\/wp-content\/uploads\/2024\/10\/sitio-web-1536x216.png 1536w, https:\/\/auxiliarlogistico.hpcompany.com.co\/wp-content\/uploads\/2024\/10\/sitio-web-2048x288.png 2048w\" sizes=\"(max-width: 3200px) 100vw, 3200px\" \/><\/a><\/p><p><a href=\"mailto: auxiboddega@hpcompany.com.co\"><img loading=\"lazy\" decoding=\"async\" class=\"alignnone wp-image-30 size-full\" src=\"https:\/\/auxiliarlogistico.hpcompany.com.co\/wp-content\/uploads\/2024\/10\/MAIL.png\" alt=\"\" width=\"3200\" height=\"450\" srcset=\"https:\/\/auxiliarlogistico.hpcompany.com.co\/wp-content\/uploads\/2024\/10\/MAIL.png 3200w, https:\/\/auxiliarlogistico.hpcompany.com.co\/wp-content\/uploads\/2024\/10\/MAIL-300x42.png 300w, https:\/\/auxiliarlogistico.hpcompany.com.co\/wp-content\/uploads\/2024\/10\/MAIL-1024x144.png 1024w, https:\/\/auxiliarlogistico.hpcompany.com.co\/wp-content\/uploads\/2024\/10\/MAIL-768x108.png 768w, https:\/\/auxiliarlogistico.hpcompany.com.co\/wp-content\/uploads\/2024\/10\/MAIL-1536x216.png 1536w, https:\/\/auxiliarlogistico.hpcompany.com.co\/wp-content\/uploads\/2024\/10\/MAIL-2048x288.png 2048w\" sizes=\"(max-width: 3200px) 100vw, 3200px\" \/><\/a><\/p><p><a href=\"https:\/\/api.whatsapp.com\/send?text=https:\/\/auxiliarlogistico.hpcompany.com.co\/\"><img loading=\"lazy\" decoding=\"async\" class=\"alignnone wp-image-31 size-full\" src=\"https:\/\/auxiliarlogistico.hpcompany.com.co\/wp-content\/uploads\/2024\/10\/sahre.png\" alt=\"\" width=\"3200\" height=\"450\" srcset=\"https:\/\/auxiliarlogistico.hpcompany.com.co\/wp-content\/uploads\/2024\/10\/sahre.png 3200w, https:\/\/auxiliarlogistico.hpcompany.com.co\/wp-content\/uploads\/2024\/10\/sahre-300x42.png 300w, https:\/\/auxiliarlogistico.hpcompany.com.co\/wp-content\/uploads\/2024\/10\/sahre-1024x144.png 1024w, https:\/\/auxiliarlogistico.hpcompany.com.co\/wp-content\/uploads\/2024\/10\/sahre-768x108.png 768w, https:\/\/auxiliarlogistico.hpcompany.com.co\/wp-content\/uploads\/2024\/10\/sahre-1536x216.png 1536w, https:\/\/auxiliarlogistico.hpcompany.com.co\/wp-content\/uploads\/2024\/10\/sahre-2048x288.png 2048w\" sizes=\"(max-width: 3200px) 100vw, 3200px\" \/><\/a><\/p>\t\t\t\t\t\t<\/div>\n\t\t\t\t<\/div>\n\t\t\t\t<div class=\"elementor-element elementor-element-9ca8926 elementor-widget elementor-widget-html\" data-id=\"9ca8926\" data-element_type=\"widget\" data-widget_type=\"html.default\">\n\t\t\t\t<div class=\"elementor-widget-container\">\n\t\t\t<p style=\"padding-left: 25px;\"><input type=\"number\" id=\"wa-number\" onblur=\"setToWaUser()\" style=\"color:#000000\" class=\"form-control form-control-sm\" placeholder=\"Ingresar Aqui N\u00famero de whatsapp Para Enviar Catalogo\">\n                <a id=\"waSender\" title=\"WhatsApp Sender\" href=\"https:\/\/api.whatsapp.com\/send?phone=3&text=Nuestro Cat\u00e1logo de productos para el hogar. %0A%0D%0A%0https:\/\/auxiliarlogistico.hpcompany.com.co\/\" target=\"_blank\" rel=\"noopener\" style=\"height:1.5rem\">\n            <i class=\"material-icons\" style=\"font-size: 1.2rem; margin: 0.2rem 0 0 0.3rem;\"><span style=\"color: #000000;\">Enviar contacto<\/span><\/i><\/a><\/p>\t\t<\/div>\n\t\t\t\t<\/div>\n\t\t\t\t<div class=\"elementor-element elementor-element-a77cdc5 elementor-widget elementor-widget-image\" data-id=\"a77cdc5\" data-element_type=\"widget\" data-widget_type=\"image.default\">\n\t\t\t\t<div class=\"elementor-widget-container\">\n\t\t\t\t\t\t\t\t\t\t\t\t\t<img loading=\"lazy\" decoding=\"async\" width=\"298\" height=\"300\" src=\"https:\/\/auxiliarlogistico.hpcompany.com.co\/wp-content\/uploads\/2024\/10\/qr-hernan-298x300.png\" class=\"attachment-medium size-medium wp-image-42\" alt=\"\" srcset=\"https:\/\/auxiliarlogistico.hpcompany.com.co\/wp-content\/uploads\/2024\/10\/qr-hernan-298x300.png 298w, https:\/\/auxiliarlogistico.hpcompany.com.co\/wp-content\/uploads\/2024\/10\/qr-hernan-150x150.png 150w, https:\/\/auxiliarlogistico.hpcompany.com.co\/wp-content\/uploads\/2024\/10\/qr-hernan.png 608w\" sizes=\"(max-width: 298px) 100vw, 298px\" \/>\t\t\t\t\t\t\t\t\t\t\t\t\t<\/div>\n\t\t\t\t<\/div>\n\t\t\t\t<\/div>\n\t\t\t\t\t<\/div>\n\t\t\t\t<\/div>\n\t\t\t\t<\/div>\n\t\t","protected":false},"excerpt":{"rendered":"<p>Hern\u00e1n Andr\u00e9s Rodr\u00edguez Auxiliar de Bodega Ver Cat\u00e1logos Enviar contacto<\/p>\n","protected":false},"author":1,"featured_media":0,"parent":0,"menu_order":0,"comment_status":"closed","ping_status":"open","template":"","meta":{"footnotes":""},"class_list":["post-2","page","type-page","status-publish","hentry"],"_links":{"self":[{"href":"https:\/\/auxiliarlogistico.hpcompany.com.co\/index.php\/wp-json\/wp\/v2\/pages\/2","targetHints":{"allow":["GET"]}}],"collection":[{"href":"https:\/\/auxiliarlogistico.hpcompany.com.co\/index.php\/wp-json\/wp\/v2\/pages"}],"about":[{"href":"https:\/\/auxiliarlogistico.hpcompany.com.co\/index.php\/wp-json\/wp\/v2\/types\/page"}],"author":[{"embeddable":true,"href":"https:\/\/auxiliarlogistico.hpcompany.com.co\/index.php\/wp-json\/wp\/v2\/users\/1"}],"replies":[{"embeddable":true,"href":"https:\/\/auxiliarlogistico.hpcompany.com.co\/index.php\/wp-json\/wp\/v2\/comments?post=2"}],"version-history":[{"count":82,"href":"https:\/\/auxiliarlogistico.hpcompany.com.co\/index.php\/wp-json\/wp\/v2\/pages\/2\/revisions"}],"predecessor-version":[{"id":102,"href":"https:\/\/auxiliarlogistico.hpcompany.com.co\/index.php\/wp-json\/wp\/v2\/pages\/2\/revisions\/102"}],"wp:attachment":[{"href":"https:\/\/auxiliarlogistico.hpcompany.com.co\/index.php\/wp-json\/wp\/v2\/media?parent=2"}],"curies":[{"name":"wp","href":"https:\/\/api.w.org\/{rel}","templated":true}]}}